    {"id":32,"date":"2023-12-05T16:53:46","date_gmt":"2023-12-05T16:53:46","guid":{"rendered":"https:\/\/eleccionesguate.com\/?page_id=32"},"modified":"2025-12-09T21:24:40","modified_gmt":"2025-12-09T21:24:40","slug":"front-page","status":"publish","type":"page","link":"https:\/\/eleccionesguate.com\/","title":{"rendered":"Front Page"},"content":{"rendered":"\n<h5 class=\"wp-block-heading\">Articulo 35 Constituci\u00f3n Pol\u00edtica de la Rep\u00fablica de Guatemala (CPRG).<\/h5>\n\n\n\n<h2 class=\"wp-block-heading\">Libertad de emisi\u00f3n de&nbsp;<em>pensamiento<\/em><\/h2>\n\n\n\n<p><em><strong>Es libre la emisi\u00f3n del pensamiento por cualesquiera medios de difusi\u00f3n, sin censura ni licencia previa<\/strong>. Este derecho constitucional no podr\u00e1 ser restringido por ley o disposici\u00f3n gubernamental alguna.<\/em><\/p>\n\n\n\n<figure class=\"wp-block-image\"><img loading=\"lazy\" decoding=\"async\" width=\"1705\" height=\"2560\" src=\"https:\/\/eleccionesguate.com\/wp-content\/uploads\/2023\/12\/cropped-free-speech-scaled-1.jpg\" alt=\"\" class=\"wp-image-10394\" srcset=\"https:\/\/eleccionesguate.com\/wp-content\/uploads\/2023\/12\/cropped-free-speech-scaled-1.jpg 1705w, https:\/\/eleccionesguate.com\/wp-content\/uploads\/2023\/12\/cropped-free-speech-scaled-1-600x901.jpg 600w, https:\/\/eleccionesguate.com\/wp-content\/uploads\/2023\/12\/cropped-free-speech-scaled-1-200x300.jpg 200w, https:\/\/eleccionesguate.com\/wp-content\/uploads\/2023\/12\/cropped-free-speech-scaled-1-682x1024.jpg 682w, https:\/\/eleccionesguate.com\/wp-content\/uploads\/2023\/12\/cropped-free-speech-scaled-1-768x1153.jpg 768w, https:\/\/eleccionesguate.com\/wp-content\/uploads\/2023\/12\/cropped-free-speech-scaled-1-1023x1536.jpg 1023w, https:\/\/eleccionesguate.com\/wp-content\/uploads\/2023\/12\/cropped-free-speech-scaled-1-1364x2048.jpg 1364w\" sizes=\"auto, (max-width: 1705px) 100vw, 1705px\" \/><\/figure>\n\n\n\n<div style=\"height:51px\" aria-hidden=\"true\" class=\"wp-block-spacer\"><\/div>\n\n\n\n<h3 class=\"wp-block-heading\">La educaci\u00f3n pol\u00edtica tiene muchos beneficios<\/h3>\n\n\n\n<p><strong>Mejora la comprensi\u00f3n ciudadana del gobierno:<\/strong>&nbsp;La educaci\u00f3n pol\u00edtica ayuda a los ciudadanos a comprender los principios de la democracia, los derechos y responsabilidades de los ciudadanos, y c\u00f3mo funciona el gobierno. Esto les permite tomar decisiones informadas sobre los asuntos p\u00fablicos y participar de manera efectiva en el proceso pol\u00edtico.<\/p>\n\n\n\n<p><a href=\"https:\/\/eleccionesguate.com\/?p=10454\">leer mas<\/a><\/p>\n\n\n\n<figure class=\"wp-block-image\"><img loading=\"lazy\" decoding=\"async\" width=\"2536\" height=\"1707\" src=\"https:\/\/eleccionesguate.com\/wp-content\/uploads\/2023\/12\/cropped-educacion-politica-scaled-1.jpg\" alt=\"\" class=\"wp-image-10446\" srcset=\"https:\/\/eleccionesguate.com\/wp-content\/uploads\/2023\/12\/cropped-educacion-politica-scaled-1.jpg 2536w, https:\/\/eleccionesguate.com\/wp-content\/uploads\/2023\/12\/cropped-educacion-politica-scaled-1-600x404.jpg 600w, https:\/\/eleccionesguate.com\/wp-content\/uploads\/2023\/12\/cropped-educacion-politica-scaled-1-300x202.jpg 300w, https:\/\/eleccionesguate.com\/wp-content\/uploads\/2023\/12\/cropped-educacion-politica-scaled-1-1024x689.jpg 1024w, https:\/\/eleccionesguate.com\/wp-content\/uploads\/2023\/12\/cropped-educacion-politica-scaled-1-768x517.jpg 768w, https:\/\/eleccionesguate.com\/wp-content\/uploads\/2023\/12\/cropped-educacion-politica-scaled-1-1536x1034.jpg 1536w, https:\/\/eleccionesguate.com\/wp-content\/uploads\/2023\/12\/cropped-educacion-politica-scaled-1-2048x1379.jpg 2048w\" sizes=\"auto, (max-width: 2536px) 100vw, 2536px\" \/><\/figure>\n\n\n\n<p><\/p>\n","protected":false},"excerpt":{"rendered":"<p>Articulo 35 Constituci\u00f3n Pol\u00edtica de la Rep\u00fablica de Guatemala (CPRG). Libertad de emisi\u00f3n de&nbsp;pensamiento Es libre la emisi\u00f3n del pensamiento por cualesquiera medios de difusi\u00f3n, sin censura ni licencia previa. Este derecho constitucional no podr\u00e1 ser restringido por ley o disposici\u00f3n gubernamental alguna. La educaci\u00f3n pol\u00edtica tiene muchos beneficios Mejora la comprensi\u00f3n ciudadana del gobierno:&nbsp;La [&hellip;]<\/p>\n","protected":false},"author":1,"featured_media":0,"parent":0,"menu_order":0,"comment_status":"closed","ping_status":"closed","template":"","meta":{"jetpack_post_was_ever_published":false,"hide_page_title":"","footnotes":""},"class_list":["post-32","page","type-page","status-publish","hentry"],"jetpack-related-posts":[],"jetpack_sharing_enabled":true,"_links":{"self":[{"href":"https:\/\/eleccionesguate.com\/index.php?rest_route=\/wp\/v2\/pages\/32","targetHints":{"allow":["GET"]}}],"collection":[{"href":"https:\/\/eleccionesguate.com\/index.php?rest_route=\/wp\/v2\/pages"}],"about":[{"href":"https:\/\/eleccionesguate.com\/index.php?rest_route=\/wp\/v2\/types\/page"}],"author":[{"embeddable":true,"href":"https:\/\/eleccionesguate.com\/index.php?rest_route=\/wp\/v2\/users\/1"}],"replies":[{"embeddable":true,"href":"https:\/\/eleccionesguate.com\/index.php?rest_route=%2Fwp%2Fv2%2Fcomments&post=32"}],"version-history":[{"count":31,"href":"https:\/\/eleccionesguate.com\/index.php?rest_route=\/wp\/v2\/pages\/32\/revisions"}],"predecessor-version":[{"id":12782,"href":"https:\/\/eleccionesguate.com\/index.php?rest_route=\/wp\/v2\/pages\/32\/revisions\/12782"}],"wp:attachment":[{"href":"https:\/\/eleccionesguate.com\/index.php?rest_route=%2Fwp%2Fv2%2Fmedia&parent=32"}],"curies":[{"name":"wp","href":"https:\/\/api.w.org\/{rel}","templated":true}]}}